{"id":104,"date":"2023-04-18T10:10:13","date_gmt":"2023-04-18T10:10:13","guid":{"rendered":"https:\/\/tic.pl\/?page_id=104"},"modified":"2024-12-10T23:41:08","modified_gmt":"2024-12-11T07:41:08","slug":"czestochowa","status":"publish","type":"page","link":"https:\/\/tic.pl\/index.php\/czestochowa\/","title":{"rendered":"Cz\u0119stochowa"},"content":{"rendered":"\n<p class=\"has-black-color has-text-color\"><strong>TIC Cz\u0119stochowa Sp. z o.o.<\/strong><br>ul. Warszawska 174, 42-202 Cz\u0119stochowa<br>Prezes Zarz\u0105du: Tomasz Ga\u0142kowski<\/p>\n\n\n\n<p class=\"has-black-color has-text-color\">Godziny otwarcia:<br>Pon. \u2013 Pt.: 8.00 \u2013 16.30<br>Sob.: 8.00 \u2013 12.00<\/p>\n\n\n\n<p class=\"has-black-color has-text-color\"><strong>OBS\u0141UGA DETALICZNA FIRM I INWESTYCJI<\/strong><br>tel. (34) 365 50 51<br>fax: (34) 365 17 73<br>e-mail: czestochowa@tic.pl<\/p>\n\n\n\n<figure class=\"wp-block-image size-large\"><img loading=\"lazy\" decoding=\"async\" width=\"1024\" height=\"495\" src=\"https:\/\/tic.pl\/wp-content\/uploads\/2023\/09\/Czestochowa-1024x495.jpg\" alt=\"\" class=\"wp-image-220\" srcset=\"https:\/\/tic.pl\/wp-content\/uploads\/2023\/09\/Czestochowa-1024x495.jpg 1024w, https:\/\/tic.pl\/wp-content\/uploads\/2023\/09\/Czestochowa-300x145.jpg 300w, https:\/\/tic.pl\/wp-content\/uploads\/2023\/09\/Czestochowa-768x371.jpg 768w, https:\/\/tic.pl\/wp-content\/uploads\/2023\/09\/Czestochowa-1536x743.jpg 1536w, https:\/\/tic.pl\/wp-content\/uploads\/2023\/09\/Czestochowa-2048x990.jpg 2048w, https:\/\/tic.pl\/wp-content\/uploads\/2023\/09\/Czestochowa-124x60.jpg 124w\" sizes=\"auto, (max-width: 1024px) 100vw, 1024px\" \/><\/figure>\n\n\n\n<figure class=\"wp-block-gallery has-nested-images columns-default is-cropped wp-block-gallery-1 is-layout-flex wp-block-gallery-is-layout-flex\">\n<figure class=\"wp-block-image size-large\"><img loading=\"lazy\" decoding=\"async\" width=\"1024\" height=\"649\" data-id=\"221\" src=\"https:\/\/tic.pl\/wp-content\/uploads\/2023\/09\/02-3-1024x649.jpg\" alt=\"\" class=\"wp-image-221\" srcset=\"https:\/\/tic.pl\/wp-content\/uploads\/2023\/09\/02-3-1024x649.jpg 1024w, https:\/\/tic.pl\/wp-content\/uploads\/2023\/09\/02-3-300x190.jpg 300w, https:\/\/tic.pl\/wp-content\/uploads\/2023\/09\/02-3-768x487.jpg 768w, https:\/\/tic.pl\/wp-content\/uploads\/2023\/09\/02-3-1536x974.jpg 1536w, https:\/\/tic.pl\/wp-content\/uploads\/2023\/09\/02-3-2048x1299.jpg 2048w, https:\/\/tic.pl\/wp-content\/uploads\/2023\/09\/02-3-95x60.jpg 95w\" sizes=\"auto, (max-width: 1024px) 100vw, 1024px\" \/><\/figure>\n\n\n\n<figure class=\"wp-block-image size-large\"><img loading=\"lazy\" decoding=\"async\" width=\"1024\" height=\"627\" data-id=\"222\" src=\"https:\/\/tic.pl\/wp-content\/uploads\/2023\/09\/03-2-1024x627.jpg\" alt=\"\" class=\"wp-image-222\" srcset=\"https:\/\/tic.pl\/wp-content\/uploads\/2023\/09\/03-2-1024x627.jpg 1024w, https:\/\/tic.pl\/wp-content\/uploads\/2023\/09\/03-2-300x184.jpg 300w, https:\/\/tic.pl\/wp-content\/uploads\/2023\/09\/03-2-768x470.jpg 768w, https:\/\/tic.pl\/wp-content\/uploads\/2023\/09\/03-2-1536x940.jpg 1536w, https:\/\/tic.pl\/wp-content\/uploads\/2023\/09\/03-2-2048x1254.jpg 2048w, https:\/\/tic.pl\/wp-content\/uploads\/2023\/09\/03-2-98x60.jpg 98w\" sizes=\"auto, (max-width: 1024px) 100vw, 1024px\" \/><\/figure>\n\n\n\n<figure class=\"wp-block-image size-large\"><img loading=\"lazy\" decoding=\"async\" width=\"1024\" height=\"649\" data-id=\"226\" src=\"https:\/\/tic.pl\/wp-content\/uploads\/2023\/09\/04-1-1024x649.jpg\" alt=\"\" class=\"wp-image-226\" srcset=\"https:\/\/tic.pl\/wp-content\/uploads\/2023\/09\/04-1-1024x649.jpg 1024w, https:\/\/tic.pl\/wp-content\/uploads\/2023\/09\/04-1-300x190.jpg 300w, https:\/\/tic.pl\/wp-content\/uploads\/2023\/09\/04-1-768x487.jpg 768w, https:\/\/tic.pl\/wp-content\/uploads\/2023\/09\/04-1-1536x974.jpg 1536w, https:\/\/tic.pl\/wp-content\/uploads\/2023\/09\/04-1-2048x1299.jpg 2048w, https:\/\/tic.pl\/wp-content\/uploads\/2023\/09\/04-1-95x60.jpg 95w\" sizes=\"auto, (max-width: 1024px) 100vw, 1024px\" \/><\/figure>\n\n\n\n<figure class=\"wp-block-image size-large\"><img loading=\"lazy\" decoding=\"async\" width=\"1024\" height=\"689\" data-id=\"223\" src=\"https:\/\/tic.pl\/wp-content\/uploads\/2023\/09\/05-1-1024x689.jpg\" alt=\"\" class=\"wp-image-223\" srcset=\"https:\/\/tic.pl\/wp-content\/uploads\/2023\/09\/05-1-1024x689.jpg 1024w, https:\/\/tic.pl\/wp-content\/uploads\/2023\/09\/05-1-300x202.jpg 300w, https:\/\/tic.pl\/wp-content\/uploads\/2023\/09\/05-1-768x516.jpg 768w, https:\/\/tic.pl\/wp-content\/uploads\/2023\/09\/05-1-1536x1033.jpg 1536w, https:\/\/tic.pl\/wp-content\/uploads\/2023\/09\/05-1-2048x1377.jpg 2048w, https:\/\/tic.pl\/wp-content\/uploads\/2023\/09\/05-1-89x60.jpg 89w\" sizes=\"auto, (max-width: 1024px) 100vw, 1024px\" \/><\/figure>\n\n\n\n<figure class=\"wp-block-image size-large\"><img loading=\"lazy\" decoding=\"async\" width=\"1024\" height=\"605\" data-id=\"224\" src=\"https:\/\/tic.pl\/wp-content\/uploads\/2023\/09\/06-1-1024x605.jpg\" alt=\"\" class=\"wp-image-224\" srcset=\"https:\/\/tic.pl\/wp-content\/uploads\/2023\/09\/06-1-1024x605.jpg 1024w, https:\/\/tic.pl\/wp-content\/uploads\/2023\/09\/06-1-300x177.jpg 300w, https:\/\/tic.pl\/wp-content\/uploads\/2023\/09\/06-1-768x454.jpg 768w, https:\/\/tic.pl\/wp-content\/uploads\/2023\/09\/06-1-1536x908.jpg 1536w, https:\/\/tic.pl\/wp-content\/uploads\/2023\/09\/06-1-2048x1210.jpg 2048w, https:\/\/tic.pl\/wp-content\/uploads\/2023\/09\/06-1-102x60.jpg 102w\" sizes=\"auto, (max-width: 1024px) 100vw, 1024px\" \/><\/figure>\n\n\n\n<figure class=\"wp-block-image size-large\"><img loading=\"lazy\" decoding=\"async\" width=\"1024\" height=\"714\" data-id=\"225\" src=\"https:\/\/tic.pl\/wp-content\/uploads\/2023\/09\/07-1-1024x714.jpg\" alt=\"\" class=\"wp-image-225\" srcset=\"https:\/\/tic.pl\/wp-content\/uploads\/2023\/09\/07-1-1024x714.jpg 1024w, https:\/\/tic.pl\/wp-content\/uploads\/2023\/09\/07-1-300x209.jpg 300w, https:\/\/tic.pl\/wp-content\/uploads\/2023\/09\/07-1-768x536.jpg 768w, https:\/\/tic.pl\/wp-content\/uploads\/2023\/09\/07-1-1536x1072.jpg 1536w, https:\/\/tic.pl\/wp-content\/uploads\/2023\/09\/07-1-2048x1429.jpg 2048w, https:\/\/tic.pl\/wp-content\/uploads\/2023\/09\/07-1-86x60.jpg 86w\" sizes=\"auto, (max-width: 1024px) 100vw, 1024px\" \/><\/figure>\n\n\n\n<figure class=\"wp-block-image size-large\"><img loading=\"lazy\" decoding=\"async\" width=\"1024\" height=\"698\" data-id=\"227\" src=\"https:\/\/tic.pl\/wp-content\/uploads\/2023\/09\/08-1-1024x698.jpg\" alt=\"\" class=\"wp-image-227\" srcset=\"https:\/\/tic.pl\/wp-content\/uploads\/2023\/09\/08-1-1024x698.jpg 1024w, https:\/\/tic.pl\/wp-content\/uploads\/2023\/09\/08-1-300x205.jpg 300w, https:\/\/tic.pl\/wp-content\/uploads\/2023\/09\/08-1-768x524.jpg 768w, https:\/\/tic.pl\/wp-content\/uploads\/2023\/09\/08-1-1536x1047.jpg 1536w, https:\/\/tic.pl\/wp-content\/uploads\/2023\/09\/08-1-2048x1397.jpg 2048w, https:\/\/tic.pl\/wp-content\/uploads\/2023\/09\/08-1-88x60.jpg 88w\" sizes=\"auto, (max-width: 1024px) 100vw, 1024px\" \/><\/figure>\n\n\n\n<figure class=\"wp-block-image size-large\"><img loading=\"lazy\" decoding=\"async\" width=\"1024\" height=\"676\" data-id=\"228\" src=\"https:\/\/tic.pl\/wp-content\/uploads\/2023\/09\/09-1024x676.jpg\" alt=\"\" class=\"wp-image-228\" srcset=\"https:\/\/tic.pl\/wp-content\/uploads\/2023\/09\/09-1024x676.jpg 1024w, https:\/\/tic.pl\/wp-content\/uploads\/2023\/09\/09-300x198.jpg 300w, https:\/\/tic.pl\/wp-content\/uploads\/2023\/09\/09-768x507.jpg 768w, https:\/\/tic.pl\/wp-content\/uploads\/2023\/09\/09-1536x1014.jpg 1536w, https:\/\/tic.pl\/wp-content\/uploads\/2023\/09\/09-2048x1352.jpg 2048w, https:\/\/tic.pl\/wp-content\/uploads\/2023\/09\/09-91x60.jpg 91w\" sizes=\"auto, (max-width: 1024px) 100vw, 1024px\" \/><\/figure>\n\n\n\n<figure class=\"wp-block-image size-large\"><img loading=\"lazy\" decoding=\"async\" width=\"1024\" height=\"716\" data-id=\"229\" src=\"https:\/\/tic.pl\/wp-content\/uploads\/2023\/09\/10-1024x716.jpg\" alt=\"\" class=\"wp-image-229\" srcset=\"https:\/\/tic.pl\/wp-content\/uploads\/2023\/09\/10-1024x716.jpg 1024w, https:\/\/tic.pl\/wp-content\/uploads\/2023\/09\/10-300x210.jpg 300w, https:\/\/tic.pl\/wp-content\/uploads\/2023\/09\/10-768x537.jpg 768w, https:\/\/tic.pl\/wp-content\/uploads\/2023\/09\/10-1536x1074.jpg 1536w, https:\/\/tic.pl\/wp-content\/uploads\/2023\/09\/10-2048x1432.jpg 2048w, https:\/\/tic.pl\/wp-content\/uploads\/2023\/09\/10-86x60.jpg 86w\" sizes=\"auto, (max-width: 1024px) 100vw, 1024px\" \/><\/figure>\n\n\n\n<figure class=\"wp-block-image size-large\"><img loading=\"lazy\" decoding=\"async\" width=\"1024\" height=\"704\" data-id=\"230\" src=\"https:\/\/tic.pl\/wp-content\/uploads\/2023\/09\/11-2-1024x704.jpg\" alt=\"\" class=\"wp-image-230\" srcset=\"https:\/\/tic.pl\/wp-content\/uploads\/2023\/09\/11-2-1024x704.jpg 1024w, https:\/\/tic.pl\/wp-content\/uploads\/2023\/09\/11-2-300x206.jpg 300w, https:\/\/tic.pl\/wp-content\/uploads\/2023\/09\/11-2-768x528.jpg 768w, https:\/\/tic.pl\/wp-content\/uploads\/2023\/09\/11-2-1536x1056.jpg 1536w, https:\/\/tic.pl\/wp-content\/uploads\/2023\/09\/11-2-2048x1408.jpg 2048w, https:\/\/tic.pl\/wp-content\/uploads\/2023\/09\/11-2-87x60.jpg 87w\" sizes=\"auto, (max-width: 1024px) 100vw, 1024px\" \/><\/figure>\n\n\n\n<figure class=\"wp-block-image size-large\"><img loading=\"lazy\" decoding=\"async\" width=\"1024\" height=\"711\" data-id=\"231\" src=\"https:\/\/tic.pl\/wp-content\/uploads\/2023\/09\/12-2-1024x711.jpg\" alt=\"\" class=\"wp-image-231\" srcset=\"https:\/\/tic.pl\/wp-content\/uploads\/2023\/09\/12-2-1024x711.jpg 1024w, https:\/\/tic.pl\/wp-content\/uploads\/2023\/09\/12-2-300x208.jpg 300w, https:\/\/tic.pl\/wp-content\/uploads\/2023\/09\/12-2-768x533.jpg 768w, https:\/\/tic.pl\/wp-content\/uploads\/2023\/09\/12-2-1536x1067.jpg 1536w, https:\/\/tic.pl\/wp-content\/uploads\/2023\/09\/12-2-2048x1422.jpg 2048w, https:\/\/tic.pl\/wp-content\/uploads\/2023\/09\/12-2-86x60.jpg 86w\" sizes=\"auto, (max-width: 1024px) 100vw, 1024px\" \/><\/figure>\n<\/figure>\n","protected":false},"excerpt":{"rendered":"<p>TIC Cz\u0119stochowa Sp. z o.o.ul. Warszawska 174, 42-202 Cz\u0119stochowaPrezes Zarz\u0105du: Tomasz Ga\u0142kowski Godziny otwarcia:Pon. \u2013 Pt.: 8.00 \u2013 16.30Sob.: 8.00 \u2013 12.00 OBS\u0141UGA DETALICZNA FIRM I INWESTYCJItel. (34) 365 50 51fax: (34) 365 17 73e-mail: czestochowa@tic.pl<\/p>\n","protected":false},"author":1,"featured_media":0,"parent":0,"menu_order":0,"comment_status":"closed","ping_status":"closed","template":"","meta":{"ngg_post_thumbnail":0,"footnotes":""},"class_list":["post-104","page","type-page","status-publish","hentry"],"_links":{"self":[{"href":"https:\/\/tic.pl\/index.php\/wp-json\/wp\/v2\/pages\/104","targetHints":{"allow":["GET"]}}],"collection":[{"href":"https:\/\/tic.pl\/index.php\/wp-json\/wp\/v2\/pages"}],"about":[{"href":"https:\/\/tic.pl\/index.php\/wp-json\/wp\/v2\/types\/page"}],"author":[{"embeddable":true,"href":"https:\/\/tic.pl\/index.php\/wp-json\/wp\/v2\/users\/1"}],"replies":[{"embeddable":true,"href":"https:\/\/tic.pl\/index.php\/wp-json\/wp\/v2\/comments?post=104"}],"version-history":[{"count":3,"href":"https:\/\/tic.pl\/index.php\/wp-json\/wp\/v2\/pages\/104\/revisions"}],"predecessor-version":[{"id":873,"href":"https:\/\/tic.pl\/index.php\/wp-json\/wp\/v2\/pages\/104\/revisions\/873"}],"wp:attachment":[{"href":"https:\/\/tic.pl\/index.php\/wp-json\/wp\/v2\/media?parent=104"}],"curies":[{"name":"wp","href":"https:\/\/api.w.org\/{rel}","templated":true}]}}