{"id":111,"date":"2023-04-18T10:13:58","date_gmt":"2023-04-18T10:13:58","guid":{"rendered":"https:\/\/tic.pl\/?page_id=111"},"modified":"2024-12-10T23:39:45","modified_gmt":"2024-12-11T07:39:45","slug":"ruda-slaska","status":"publish","type":"page","link":"https:\/\/tic.pl\/index.php\/ruda-slaska\/","title":{"rendered":"Ruda \u015al\u0105ska"},"content":{"rendered":"\n<p class=\"has-black-color has-text-color\"><strong>TIC Ruda \u015al\u0105ska Sp. z o.o.<\/strong><br>ul. Zabrza\u0144ska 15, 41-708 Ruda \u015al\u0105ska<br>Prezes Zarz\u0105du: El\u017cbieta Jas<\/p>\n\n\n\n<p class=\"has-black-color has-text-color\">Godziny otwarcia:<br>Pon. \u2013 Pt.: 6.30 \u2013 16.00<br>Sob.: 8.00 \u2013 13.00<\/p>\n\n\n\n<p class=\"has-black-color has-text-color\"><strong>OBS\u0141UGA DETALICZNA<\/strong><br>tel. 32 771 60 81-82;<br>fax: 32 248 51 35<br>ruda@tic.pl<\/p>\n\n\n\n<p class=\"has-black-color has-text-color\"><strong>OBS\u0141UGA FIRM I INWESTYCJI<\/strong><br>Katarzyna S.<br>GSM: +48 660 787 965<br>e-mail: k.szeliga@tic.pl<\/p>\n\n\n\n<p class=\"has-black-color has-text-color\">Katarzyna P.<br>GSM: +48 728 397 034<br>e-mail: k.przybyla@tic.pl<\/p>\n\n\n\n<figure class=\"wp-block-image size-large\"><img loading=\"lazy\" decoding=\"async\" width=\"1024\" height=\"520\" src=\"https:\/\/tic.pl\/wp-content\/uploads\/2023\/09\/03-1-1024x520.jpg\" alt=\"\" class=\"wp-image-207\" srcset=\"https:\/\/tic.pl\/wp-content\/uploads\/2023\/09\/03-1-1024x520.jpg 1024w, https:\/\/tic.pl\/wp-content\/uploads\/2023\/09\/03-1-300x152.jpg 300w, https:\/\/tic.pl\/wp-content\/uploads\/2023\/09\/03-1-768x390.jpg 768w, https:\/\/tic.pl\/wp-content\/uploads\/2023\/09\/03-1-1536x781.jpg 1536w, https:\/\/tic.pl\/wp-content\/uploads\/2023\/09\/03-1-2048x1041.jpg 2048w, https:\/\/tic.pl\/wp-content\/uploads\/2023\/09\/03-1-118x60.jpg 118w\" sizes=\"auto, (max-width: 1024px) 100vw, 1024px\" \/><\/figure>\n\n\n\n<figure class=\"wp-block-gallery has-nested-images columns-default is-cropped wp-block-gallery-1 is-layout-flex wp-block-gallery-is-layout-flex\">\n<figure class=\"wp-block-image size-large\"><img loading=\"lazy\" decoding=\"async\" width=\"1024\" height=\"666\" data-id=\"208\" src=\"https:\/\/tic.pl\/wp-content\/uploads\/2023\/09\/01-1-1024x666.jpg\" alt=\"\" class=\"wp-image-208\" srcset=\"https:\/\/tic.pl\/wp-content\/uploads\/2023\/09\/01-1-1024x666.jpg 1024w, https:\/\/tic.pl\/wp-content\/uploads\/2023\/09\/01-1-300x195.jpg 300w, https:\/\/tic.pl\/wp-content\/uploads\/2023\/09\/01-1-768x499.jpg 768w, https:\/\/tic.pl\/wp-content\/uploads\/2023\/09\/01-1-1536x999.jpg 1536w, https:\/\/tic.pl\/wp-content\/uploads\/2023\/09\/01-1-2048x1332.jpg 2048w, https:\/\/tic.pl\/wp-content\/uploads\/2023\/09\/01-1-92x60.jpg 92w\" sizes=\"auto, (max-width: 1024px) 100vw, 1024px\" \/><\/figure>\n\n\n\n<figure class=\"wp-block-image size-large\"><img loading=\"lazy\" decoding=\"async\" width=\"1024\" height=\"556\" data-id=\"210\" src=\"https:\/\/tic.pl\/wp-content\/uploads\/2023\/09\/01a-1024x556.jpg\" alt=\"\" class=\"wp-image-210\" srcset=\"https:\/\/tic.pl\/wp-content\/uploads\/2023\/09\/01a-1024x556.jpg 1024w, https:\/\/tic.pl\/wp-content\/uploads\/2023\/09\/01a-300x163.jpg 300w, https:\/\/tic.pl\/wp-content\/uploads\/2023\/09\/01a-768x417.jpg 768w, https:\/\/tic.pl\/wp-content\/uploads\/2023\/09\/01a-1536x833.jpg 1536w, https:\/\/tic.pl\/wp-content\/uploads\/2023\/09\/01a-2048x1111.jpg 2048w, https:\/\/tic.pl\/wp-content\/uploads\/2023\/09\/01a-111x60.jpg 111w\" sizes=\"auto, (max-width: 1024px) 100vw, 1024px\" \/><\/figure>\n\n\n\n<figure class=\"wp-block-image size-large\"><img loading=\"lazy\" decoding=\"async\" width=\"1024\" height=\"579\" data-id=\"209\" src=\"https:\/\/tic.pl\/wp-content\/uploads\/2023\/09\/02-2-1024x579.jpg\" alt=\"\" class=\"wp-image-209\" srcset=\"https:\/\/tic.pl\/wp-content\/uploads\/2023\/09\/02-2-1024x579.jpg 1024w, https:\/\/tic.pl\/wp-content\/uploads\/2023\/09\/02-2-300x170.jpg 300w, https:\/\/tic.pl\/wp-content\/uploads\/2023\/09\/02-2-768x434.jpg 768w, https:\/\/tic.pl\/wp-content\/uploads\/2023\/09\/02-2-1536x869.jpg 1536w, https:\/\/tic.pl\/wp-content\/uploads\/2023\/09\/02-2-2048x1158.jpg 2048w, https:\/\/tic.pl\/wp-content\/uploads\/2023\/09\/02-2-106x60.jpg 106w\" sizes=\"auto, (max-width: 1024px) 100vw, 1024px\" \/><\/figure>\n\n\n\n<figure class=\"wp-block-image size-large\"><img loading=\"lazy\" decoding=\"async\" width=\"1024\" height=\"691\" data-id=\"211\" src=\"https:\/\/tic.pl\/wp-content\/uploads\/2023\/09\/11-1-1024x691.jpg\" alt=\"\" class=\"wp-image-211\" srcset=\"https:\/\/tic.pl\/wp-content\/uploads\/2023\/09\/11-1-1024x691.jpg 1024w, https:\/\/tic.pl\/wp-content\/uploads\/2023\/09\/11-1-300x203.jpg 300w, https:\/\/tic.pl\/wp-content\/uploads\/2023\/09\/11-1-768x518.jpg 768w, https:\/\/tic.pl\/wp-content\/uploads\/2023\/09\/11-1-1536x1037.jpg 1536w, https:\/\/tic.pl\/wp-content\/uploads\/2023\/09\/11-1-2048x1383.jpg 2048w, https:\/\/tic.pl\/wp-content\/uploads\/2023\/09\/11-1-89x60.jpg 89w\" sizes=\"auto, (max-width: 1024px) 100vw, 1024px\" \/><\/figure>\n\n\n\n<figure class=\"wp-block-image size-large\"><img loading=\"lazy\" decoding=\"async\" width=\"1024\" height=\"695\" data-id=\"212\" src=\"https:\/\/tic.pl\/wp-content\/uploads\/2023\/09\/12-1-1024x695.jpg\" alt=\"\" class=\"wp-image-212\" srcset=\"https:\/\/tic.pl\/wp-content\/uploads\/2023\/09\/12-1-1024x695.jpg 1024w, https:\/\/tic.pl\/wp-content\/uploads\/2023\/09\/12-1-300x204.jpg 300w, https:\/\/tic.pl\/wp-content\/uploads\/2023\/09\/12-1-768x521.jpg 768w, https:\/\/tic.pl\/wp-content\/uploads\/2023\/09\/12-1-1536x1043.jpg 1536w, https:\/\/tic.pl\/wp-content\/uploads\/2023\/09\/12-1-2048x1390.jpg 2048w, https:\/\/tic.pl\/wp-content\/uploads\/2023\/09\/12-1-88x60.jpg 88w\" sizes=\"auto, (max-width: 1024px) 100vw, 1024px\" \/><\/figure>\n\n\n\n<figure class=\"wp-block-image size-large\"><img loading=\"lazy\" decoding=\"async\" width=\"1024\" height=\"655\" data-id=\"213\" src=\"https:\/\/tic.pl\/wp-content\/uploads\/2023\/09\/13-1-1024x655.jpg\" alt=\"\" class=\"wp-image-213\" srcset=\"https:\/\/tic.pl\/wp-content\/uploads\/2023\/09\/13-1-1024x655.jpg 1024w, https:\/\/tic.pl\/wp-content\/uploads\/2023\/09\/13-1-300x192.jpg 300w, https:\/\/tic.pl\/wp-content\/uploads\/2023\/09\/13-1-768x491.jpg 768w, https:\/\/tic.pl\/wp-content\/uploads\/2023\/09\/13-1-1536x983.jpg 1536w, https:\/\/tic.pl\/wp-content\/uploads\/2023\/09\/13-1-2048x1311.jpg 2048w, https:\/\/tic.pl\/wp-content\/uploads\/2023\/09\/13-1-94x60.jpg 94w\" sizes=\"auto, (max-width: 1024px) 100vw, 1024px\" \/><\/figure>\n\n\n\n<figure class=\"wp-block-image size-large\"><img loading=\"lazy\" decoding=\"async\" width=\"1024\" height=\"636\" data-id=\"214\" src=\"https:\/\/tic.pl\/wp-content\/uploads\/2023\/09\/14-1-1024x636.jpg\" alt=\"\" class=\"wp-image-214\" srcset=\"https:\/\/tic.pl\/wp-content\/uploads\/2023\/09\/14-1-1024x636.jpg 1024w, https:\/\/tic.pl\/wp-content\/uploads\/2023\/09\/14-1-300x186.jpg 300w, https:\/\/tic.pl\/wp-content\/uploads\/2023\/09\/14-1-768x477.jpg 768w, https:\/\/tic.pl\/wp-content\/uploads\/2023\/09\/14-1-1536x954.jpg 1536w, https:\/\/tic.pl\/wp-content\/uploads\/2023\/09\/14-1-2048x1272.jpg 2048w, https:\/\/tic.pl\/wp-content\/uploads\/2023\/09\/14-1-97x60.jpg 97w\" sizes=\"auto, (max-width: 1024px) 100vw, 1024px\" \/><\/figure>\n\n\n\n<figure class=\"wp-block-image size-large\"><img loading=\"lazy\" decoding=\"async\" width=\"1024\" height=\"636\" data-id=\"215\" src=\"https:\/\/tic.pl\/wp-content\/uploads\/2023\/09\/15-1-1024x636.jpg\" alt=\"\" class=\"wp-image-215\" srcset=\"https:\/\/tic.pl\/wp-content\/uploads\/2023\/09\/15-1-1024x636.jpg 1024w, https:\/\/tic.pl\/wp-content\/uploads\/2023\/09\/15-1-300x186.jpg 300w, https:\/\/tic.pl\/wp-content\/uploads\/2023\/09\/15-1-768x477.jpg 768w, https:\/\/tic.pl\/wp-content\/uploads\/2023\/09\/15-1-1536x955.jpg 1536w, https:\/\/tic.pl\/wp-content\/uploads\/2023\/09\/15-1-2048x1273.jpg 2048w, https:\/\/tic.pl\/wp-content\/uploads\/2023\/09\/15-1-97x60.jpg 97w\" sizes=\"auto, (max-width: 1024px) 100vw, 1024px\" \/><\/figure>\n\n\n\n<figure class=\"wp-block-image size-large\"><img loading=\"lazy\" decoding=\"async\" width=\"1024\" height=\"703\" data-id=\"217\" src=\"https:\/\/tic.pl\/wp-content\/uploads\/2023\/09\/16-1-1024x703.jpg\" alt=\"\" class=\"wp-image-217\" srcset=\"https:\/\/tic.pl\/wp-content\/uploads\/2023\/09\/16-1-1024x703.jpg 1024w, https:\/\/tic.pl\/wp-content\/uploads\/2023\/09\/16-1-300x206.jpg 300w, https:\/\/tic.pl\/wp-content\/uploads\/2023\/09\/16-1-768x527.jpg 768w, https:\/\/tic.pl\/wp-content\/uploads\/2023\/09\/16-1-1536x1054.jpg 1536w, https:\/\/tic.pl\/wp-content\/uploads\/2023\/09\/16-1-87x60.jpg 87w, https:\/\/tic.pl\/wp-content\/uploads\/2023\/09\/16-1.jpg 2043w\" sizes=\"auto, (max-width: 1024px) 100vw, 1024px\" \/><\/figure>\n\n\n\n<figure class=\"wp-block-image size-large\"><img loading=\"lazy\" decoding=\"async\" width=\"1024\" height=\"648\" data-id=\"216\" src=\"https:\/\/tic.pl\/wp-content\/uploads\/2023\/09\/17-1-1024x648.jpg\" alt=\"\" class=\"wp-image-216\" srcset=\"https:\/\/tic.pl\/wp-content\/uploads\/2023\/09\/17-1-1024x648.jpg 1024w, https:\/\/tic.pl\/wp-content\/uploads\/2023\/09\/17-1-300x190.jpg 300w, https:\/\/tic.pl\/wp-content\/uploads\/2023\/09\/17-1-768x486.jpg 768w, https:\/\/tic.pl\/wp-content\/uploads\/2023\/09\/17-1-1536x972.jpg 1536w, https:\/\/tic.pl\/wp-content\/uploads\/2023\/09\/17-1-2048x1295.jpg 2048w, https:\/\/tic.pl\/wp-content\/uploads\/2023\/09\/17-1-95x60.jpg 95w\" sizes=\"auto, (max-width: 1024px) 100vw, 1024px\" \/><\/figure>\n\n\n\n<figure class=\"wp-block-image size-large\"><img loading=\"lazy\" decoding=\"async\" width=\"1024\" height=\"598\" data-id=\"218\" src=\"https:\/\/tic.pl\/wp-content\/uploads\/2023\/09\/18-1-1024x598.jpg\" alt=\"\" class=\"wp-image-218\" srcset=\"https:\/\/tic.pl\/wp-content\/uploads\/2023\/09\/18-1-1024x598.jpg 1024w, https:\/\/tic.pl\/wp-content\/uploads\/2023\/09\/18-1-300x175.jpg 300w, https:\/\/tic.pl\/wp-content\/uploads\/2023\/09\/18-1-768x449.jpg 768w, https:\/\/tic.pl\/wp-content\/uploads\/2023\/09\/18-1-1536x897.jpg 1536w, https:\/\/tic.pl\/wp-content\/uploads\/2023\/09\/18-1-2048x1196.jpg 2048w, https:\/\/tic.pl\/wp-content\/uploads\/2023\/09\/18-1-925x540.jpg 925w, https:\/\/tic.pl\/wp-content\/uploads\/2023\/09\/18-1-103x60.jpg 103w\" sizes=\"auto, (max-width: 1024px) 100vw, 1024px\" \/><\/figure>\n<\/figure>\n","protected":false},"excerpt":{"rendered":"<p>TIC Ruda \u015al\u0105ska Sp. z o.o.ul. Zabrza\u0144ska 15, 41-708 Ruda \u015al\u0105skaPrezes Zarz\u0105du: El\u017cbieta Jas Godziny otwarcia:Pon. \u2013 Pt.: 6.30 \u2013 16.00Sob.: 8.00 \u2013 13.00 OBS\u0141UGA DETALICZNAtel. 32 771 60 81-82;fax: 32 248 51 35ruda@tic.pl OBS\u0141UGA FIRM I INWESTYCJIKatarzyna S.GSM: +48 660 787 965e-mail: k.szeliga@tic.pl Katarzyna P.GSM: +48 728 397 034e-mail: k.przybyla@tic.pl<\/p>\n","protected":false},"author":1,"featured_media":0,"parent":0,"menu_order":0,"comment_status":"closed","ping_status":"closed","template":"","meta":{"ngg_post_thumbnail":0,"footnotes":""},"class_list":["post-111","page","type-page","status-publish","hentry"],"_links":{"self":[{"href":"https:\/\/tic.pl\/index.php\/wp-json\/wp\/v2\/pages\/111","targetHints":{"allow":["GET"]}}],"collection":[{"href":"https:\/\/tic.pl\/index.php\/wp-json\/wp\/v2\/pages"}],"about":[{"href":"https:\/\/tic.pl\/index.php\/wp-json\/wp\/v2\/types\/page"}],"author":[{"embeddable":true,"href":"https:\/\/tic.pl\/index.php\/wp-json\/wp\/v2\/users\/1"}],"replies":[{"embeddable":true,"href":"https:\/\/tic.pl\/index.php\/wp-json\/wp\/v2\/comments?post=111"}],"version-history":[{"count":4,"href":"https:\/\/tic.pl\/index.php\/wp-json\/wp\/v2\/pages\/111\/revisions"}],"predecessor-version":[{"id":872,"href":"https:\/\/tic.pl\/index.php\/wp-json\/wp\/v2\/pages\/111\/revisions\/872"}],"wp:attachment":[{"href":"https:\/\/tic.pl\/index.php\/wp-json\/wp\/v2\/media?parent=111"}],"curies":[{"name":"wp","href":"https:\/\/api.w.org\/{rel}","templated":true}]}}