{"id":114,"date":"2023-04-18T10:16:25","date_gmt":"2023-04-18T10:16:25","guid":{"rendered":"https:\/\/tic.pl\/?page_id=114"},"modified":"2023-09-25T05:07:53","modified_gmt":"2023-09-25T05:07:53","slug":"bielsko-biala","status":"publish","type":"page","link":"https:\/\/tic.pl\/index.php\/bielsko-biala\/","title":{"rendered":"Bielsko-Bia\u0142a"},"content":{"rendered":"\n<p class=\"has-black-color has-text-color\"><strong>TIC Dystrybucja sp. z o.o.<\/strong><br>ul. Katowicka 130, 43-300 Bielsko-Bia\u0142a<br>Godziny otwarcia:<br>Pon. \u2013 Pt.: 7.00 \u2013 15.00<\/p>\n\n\n\n<p class=\"has-black-color has-text-color\"><strong>OBS\u0141UGA WYKONAWC\u00d3W i DETALICZNA<\/strong><br>e-mail: bielsko@tic.pl<br>tel.: (33) 815 18 13<br>tel.: (33) 812 32 91<br>GSM: +48 606 414 277<br><strong>PRZEMYS\u0141 I ANTYKOROZJA:<\/strong><br>Micha\u0142<br>GSM: +48 728 397 004<br>e-mail: mf@tic.pl<\/p>\n\n\n\n<figure class=\"wp-block-image size-large\"><img loading=\"lazy\" decoding=\"async\" width=\"1024\" height=\"651\" src=\"https:\/\/tic.pl\/wp-content\/uploads\/2023\/09\/02-1-1024x651.jpg\" alt=\"\" class=\"wp-image-197\" srcset=\"https:\/\/tic.pl\/wp-content\/uploads\/2023\/09\/02-1-1024x651.jpg 1024w, https:\/\/tic.pl\/wp-content\/uploads\/2023\/09\/02-1-300x191.jpg 300w, https:\/\/tic.pl\/wp-content\/uploads\/2023\/09\/02-1-768x489.jpg 768w, https:\/\/tic.pl\/wp-content\/uploads\/2023\/09\/02-1-1536x977.jpg 1536w, https:\/\/tic.pl\/wp-content\/uploads\/2023\/09\/02-1-2048x1303.jpg 2048w, https:\/\/tic.pl\/wp-content\/uploads\/2023\/09\/02-1-94x60.jpg 94w\" sizes=\"auto, (max-width: 1024px) 100vw, 1024px\" \/><\/figure>\n\n\n\n<figure class=\"wp-block-gallery has-nested-images columns-default is-cropped wp-block-gallery-1 is-layout-flex wp-block-gallery-is-layout-flex\">\n<figure class=\"wp-block-image size-large\"><img loading=\"lazy\" decoding=\"async\" width=\"1024\" height=\"548\" data-id=\"198\" src=\"https:\/\/tic.pl\/wp-content\/uploads\/2023\/09\/01-1024x548.jpg\" alt=\"\" class=\"wp-image-198\" srcset=\"https:\/\/tic.pl\/wp-content\/uploads\/2023\/09\/01-1024x548.jpg 1024w, https:\/\/tic.pl\/wp-content\/uploads\/2023\/09\/01-300x161.jpg 300w, https:\/\/tic.pl\/wp-content\/uploads\/2023\/09\/01-768x411.jpg 768w, https:\/\/tic.pl\/wp-content\/uploads\/2023\/09\/01-1536x822.jpg 1536w, https:\/\/tic.pl\/wp-content\/uploads\/2023\/09\/01-2048x1096.jpg 2048w, https:\/\/tic.pl\/wp-content\/uploads\/2023\/09\/01-112x60.jpg 112w\" sizes=\"auto, (max-width: 1024px) 100vw, 1024px\" \/><\/figure>\n\n\n\n<figure class=\"wp-block-image size-large\"><img loading=\"lazy\" decoding=\"async\" width=\"1024\" height=\"545\" data-id=\"200\" src=\"https:\/\/tic.pl\/wp-content\/uploads\/2023\/09\/03-1024x545.jpg\" alt=\"\" class=\"wp-image-200\" srcset=\"https:\/\/tic.pl\/wp-content\/uploads\/2023\/09\/03-1024x545.jpg 1024w, https:\/\/tic.pl\/wp-content\/uploads\/2023\/09\/03-300x160.jpg 300w, https:\/\/tic.pl\/wp-content\/uploads\/2023\/09\/03-768x409.jpg 768w, https:\/\/tic.pl\/wp-content\/uploads\/2023\/09\/03-1536x818.jpg 1536w, https:\/\/tic.pl\/wp-content\/uploads\/2023\/09\/03-2048x1091.jpg 2048w, https:\/\/tic.pl\/wp-content\/uploads\/2023\/09\/03-113x60.jpg 113w\" sizes=\"auto, (max-width: 1024px) 100vw, 1024px\" \/><\/figure>\n\n\n\n<figure class=\"wp-block-image size-large\"><img loading=\"lazy\" decoding=\"async\" width=\"1024\" height=\"544\" data-id=\"199\" src=\"https:\/\/tic.pl\/wp-content\/uploads\/2023\/09\/04-1024x544.jpg\" alt=\"\" class=\"wp-image-199\" srcset=\"https:\/\/tic.pl\/wp-content\/uploads\/2023\/09\/04-1024x544.jpg 1024w, https:\/\/tic.pl\/wp-content\/uploads\/2023\/09\/04-300x159.jpg 300w, https:\/\/tic.pl\/wp-content\/uploads\/2023\/09\/04-768x408.jpg 768w, https:\/\/tic.pl\/wp-content\/uploads\/2023\/09\/04-1536x816.jpg 1536w, https:\/\/tic.pl\/wp-content\/uploads\/2023\/09\/04-2048x1089.jpg 2048w, https:\/\/tic.pl\/wp-content\/uploads\/2023\/09\/04-113x60.jpg 113w\" sizes=\"auto, (max-width: 1024px) 100vw, 1024px\" \/><\/figure>\n\n\n\n<figure class=\"wp-block-image size-large\"><img loading=\"lazy\" decoding=\"async\" width=\"1024\" height=\"578\" data-id=\"201\" src=\"https:\/\/tic.pl\/wp-content\/uploads\/2023\/09\/05-1024x578.jpg\" alt=\"\" class=\"wp-image-201\" srcset=\"https:\/\/tic.pl\/wp-content\/uploads\/2023\/09\/05-1024x578.jpg 1024w, https:\/\/tic.pl\/wp-content\/uploads\/2023\/09\/05-300x169.jpg 300w, https:\/\/tic.pl\/wp-content\/uploads\/2023\/09\/05-768x434.jpg 768w, https:\/\/tic.pl\/wp-content\/uploads\/2023\/09\/05-1536x868.jpg 1536w, https:\/\/tic.pl\/wp-content\/uploads\/2023\/09\/05-2048x1157.jpg 2048w, https:\/\/tic.pl\/wp-content\/uploads\/2023\/09\/05-106x60.jpg 106w\" sizes=\"auto, (max-width: 1024px) 100vw, 1024px\" \/><\/figure>\n\n\n\n<figure class=\"wp-block-image size-large\"><img loading=\"lazy\" decoding=\"async\" width=\"1024\" height=\"728\" data-id=\"203\" src=\"https:\/\/tic.pl\/wp-content\/uploads\/2023\/09\/06-1024x728.jpg\" alt=\"\" class=\"wp-image-203\" srcset=\"https:\/\/tic.pl\/wp-content\/uploads\/2023\/09\/06-1024x728.jpg 1024w, https:\/\/tic.pl\/wp-content\/uploads\/2023\/09\/06-300x213.jpg 300w, https:\/\/tic.pl\/wp-content\/uploads\/2023\/09\/06-768x546.jpg 768w, https:\/\/tic.pl\/wp-content\/uploads\/2023\/09\/06-1536x1092.jpg 1536w, https:\/\/tic.pl\/wp-content\/uploads\/2023\/09\/06-2048x1456.jpg 2048w, https:\/\/tic.pl\/wp-content\/uploads\/2023\/09\/06-84x60.jpg 84w\" sizes=\"auto, (max-width: 1024px) 100vw, 1024px\" \/><\/figure>\n\n\n\n<figure class=\"wp-block-image size-large\"><img loading=\"lazy\" decoding=\"async\" width=\"1024\" height=\"692\" data-id=\"202\" src=\"https:\/\/tic.pl\/wp-content\/uploads\/2023\/09\/07-1024x692.jpg\" alt=\"\" class=\"wp-image-202\" srcset=\"https:\/\/tic.pl\/wp-content\/uploads\/2023\/09\/07-1024x692.jpg 1024w, https:\/\/tic.pl\/wp-content\/uploads\/2023\/09\/07-300x203.jpg 300w, https:\/\/tic.pl\/wp-content\/uploads\/2023\/09\/07-768x519.jpg 768w, https:\/\/tic.pl\/wp-content\/uploads\/2023\/09\/07-1536x1039.jpg 1536w, https:\/\/tic.pl\/wp-content\/uploads\/2023\/09\/07-2048x1385.jpg 2048w, https:\/\/tic.pl\/wp-content\/uploads\/2023\/09\/07-89x60.jpg 89w\" sizes=\"auto, (max-width: 1024px) 100vw, 1024px\" \/><\/figure>\n\n\n\n<figure class=\"wp-block-image size-large\"><img loading=\"lazy\" decoding=\"async\" width=\"1024\" height=\"642\" data-id=\"204\" src=\"https:\/\/tic.pl\/wp-content\/uploads\/2023\/09\/08-1024x642.jpg\" alt=\"\" class=\"wp-image-204\" srcset=\"https:\/\/tic.pl\/wp-content\/uploads\/2023\/09\/08-1024x642.jpg 1024w, https:\/\/tic.pl\/wp-content\/uploads\/2023\/09\/08-300x188.jpg 300w, https:\/\/tic.pl\/wp-content\/uploads\/2023\/09\/08-768x482.jpg 768w, https:\/\/tic.pl\/wp-content\/uploads\/2023\/09\/08-1536x963.jpg 1536w, https:\/\/tic.pl\/wp-content\/uploads\/2023\/09\/08-2048x1284.jpg 2048w, https:\/\/tic.pl\/wp-content\/uploads\/2023\/09\/08-96x60.jpg 96w\" sizes=\"auto, (max-width: 1024px) 100vw, 1024px\" \/><\/figure>\n<\/figure>\n","protected":false},"excerpt":{"rendered":"<p>TIC Dystrybucja sp. z o.o.ul. Katowicka 130, 43-300 Bielsko-Bia\u0142aGodziny otwarcia:Pon. \u2013 Pt.: 7.00 \u2013 15.00 OBS\u0141UGA WYKONAWC\u00d3W i DETALICZNAe-mail: bielsko@tic.pltel.: (33) 815 18 13tel.: (33) 812 32 91GSM: +48 606 414 277PRZEMYS\u0141 I ANTYKOROZJA:Micha\u0142GSM: +48 728 397 004e-mail: mf@tic.pl<\/p>\n","protected":false},"author":1,"featured_media":0,"parent":0,"menu_order":0,"comment_status":"closed","ping_status":"closed","template":"","meta":{"ngg_post_thumbnail":0,"footnotes":""},"class_list":["post-114","page","type-page","status-publish","hentry"],"_links":{"self":[{"href":"https:\/\/tic.pl\/index.php\/wp-json\/wp\/v2\/pages\/114","targetHints":{"allow":["GET"]}}],"collection":[{"href":"https:\/\/tic.pl\/index.php\/wp-json\/wp\/v2\/pages"}],"about":[{"href":"https:\/\/tic.pl\/index.php\/wp-json\/wp\/v2\/types\/page"}],"author":[{"embeddable":true,"href":"https:\/\/tic.pl\/index.php\/wp-json\/wp\/v2\/users\/1"}],"replies":[{"embeddable":true,"href":"https:\/\/tic.pl\/index.php\/wp-json\/wp\/v2\/comments?post=114"}],"version-history":[{"count":2,"href":"https:\/\/tic.pl\/index.php\/wp-json\/wp\/v2\/pages\/114\/revisions"}],"predecessor-version":[{"id":205,"href":"https:\/\/tic.pl\/index.php\/wp-json\/wp\/v2\/pages\/114\/revisions\/205"}],"wp:attachment":[{"href":"https:\/\/tic.pl\/index.php\/wp-json\/wp\/v2\/media?parent=114"}],"curies":[{"name":"wp","href":"https:\/\/api.w.org\/{rel}","templated":true}]}}