{"id":38,"date":"2023-04-18T08:45:37","date_gmt":"2023-04-18T08:45:37","guid":{"rendered":"https:\/\/tic.pl\/?page_id=38"},"modified":"2023-09-18T10:34:40","modified_gmt":"2023-09-18T10:34:40","slug":"o-firmie","status":"publish","type":"page","link":"https:\/\/tic.pl\/index.php\/o-firmie\/","title":{"rendered":"O firmie"},"content":{"rendered":"\n<p class=\"has-black-color has-text-color\">Historia firmy si\u0119ga okresu mi\u0119dzywojennego. W latach 30-tych zosta\u0142o za\u0142o\u017cone w Chorzowie Towarzystwo Jednolitych Cen TIC. W skupionych w Towarzystwie sklepach stosowano t\u0119 sam\u0105 polityk\u0119 cenow\u0105.<br>Wybuch II Wojny \u015awiatowej spowodowa\u0142 przerw\u0119 w dzia\u0142alno\u015bci TIC-a.<br>Reaktywowane w 1990 roku przez jednego ze spadkobierc\u00f3w, pocz\u0105tkowo jako jednoosobowa dzia\u0142alno\u015b\u0107, od 1991r. jako Sp\u00f3\u0142ka Cywilna, a od 1994r. jako Sp\u00f3\u0142ka Akcyjna, kontynuuje tradycje staranno\u015bci kupieckiej, wysokiej jako\u015bci obs\u0142ugi oraz jednolitego poziomu cen w swoich plac\u00f3wkach.<br><strong>Siedziba g\u0142\u00f3wna firmy Towarzystwo Jednolitych Cen &#8222;TIC&#8221; S.A. znajduje si\u0119 w Katowicach przy ulicy Krakowskiej 201.<\/strong><br>Obecnie Grupa TIC zajmuje si\u0119 sprzeda\u017c\u0105 hurtow\u0105 i detaliczn\u0105 farb, lakier\u00f3w, akcesori\u00f3w malarskich oraz materia\u0142\u00f3w wyko\u0144czeniowo-budowlanych. Mimo silnego ukierunkowania na segment farb i lakier\u00f3w firma coraz intensywniej zajmuje si\u0119 tematami pokrewnymi &#8211; chemi\u0105 budowlan\u0105, systemami docieple\u0144, systemami suchej zabudowy wn\u0119trz i innymi.<br>Firma TIC jest wsp\u00f3\u0142za\u0142o\u017cycielem i akcjonariuszem konsorcjum handlowego &#8222;Stofarb&#8221;. Ka\u017cdy odbiorca mo\u017ce od nas oczekiwa\u0107 starannego doboru materia\u0142\u00f3w i technologii &#8211; zoptymalizowanego pod k\u0105tem jako\u015bci, wydajno\u015bci i bior\u0105cego pod uwag\u0119 wysoko\u015b\u0107 ponoszonych nak\u0142ad\u00f3w. Takie podej\u015bcie pozwala nam realizowa\u0107 nawet najtrudniejsze zadania stawiane przez naszych klient\u00f3w.<\/p>\n\n\n\n<p class=\"has-black-color has-text-color\"><strong>W naszej ofercie znajdziecie Pa\u0144stwo:<\/strong><br>\u2022 farby i lakiery,<br>\u2022 produkty do drewna,<br>\u2022 farby przemys\u0142owe,<br>\u2022 chemia budowlana,<br>\u2022 lakiery i kosmetyki samochodowe<br>\u2022 materia\u0142y budowlane,<br>\u2022 ocieplenia budynk\u00f3w,<br>\u2022 artyku\u0142y metalowe<br>\u2022 artyku\u0142y elektryczne,<br>\u2022 wyko\u0144czenie wn\u0119trz,<br>\u2022 narz\u0119dzia.<br>\u2022 kamie\u0144 dekoracyjny<\/p>\n\n\n\n<p class=\"has-black-color has-text-color\">Posiadamy markety budowlane i hurtownie w nast\u0119puj\u0105cych miastach: <strong>Katowice, Ruda \u015al\u0105ska, Zabrze, Bielsko-Bia\u0142a, Cz\u0119stochowa<\/strong>.<br>Je\u017celi w Twojej firmie pojawi si\u0119 jakikolwiek problem zwi\u0105zany z technologi\u0105 lub stosowanymi materia\u0142ami &#8211; prosimy o kontakt.<br><\/p>\n\n\n\n<p class=\"has-black-color has-text-color\"><strong>Zarz\u0105d Grupy TIC<\/strong><\/p>\n\n\n\n<ul class=\"has-black-color has-text-color wp-block-list\">\n<li>Lucyna Borowiec \u2013 Prezes Zarz\u0105du; <\/li>\n\n\n\n<li>Leszek Pilorz \u2013 prokurent; <\/li>\n\n\n\n<li>Daria S\u0119k &#8211; Cz\u0142onek Zarz\u0105du<\/li>\n<\/ul>\n","protected":false},"excerpt":{"rendered":"<p>Historia firmy si\u0119ga okresu mi\u0119dzywojennego. W latach 30-tych zosta\u0142o za\u0142o\u017cone w Chorzowie Towarzystwo Jednolitych Cen TIC. W skupionych w Towarzystwie sklepach stosowano t\u0119 sam\u0105 polityk\u0119 cenow\u0105.Wybuch II Wojny \u015awiatowej spowodowa\u0142 przerw\u0119 w dzia\u0142alno\u015bci TIC-a.Reaktywowane w 1990 roku przez jednego ze spadkobierc\u00f3w, pocz\u0105tkowo jako jednoosobowa dzia\u0142alno\u015b\u0107, od 1991r. jako Sp\u00f3\u0142ka Cywilna, a od 1994r. jako Sp\u00f3\u0142ka &hellip; <\/p>\n","protected":false},"author":1,"featured_media":0,"parent":0,"menu_order":0,"comment_status":"closed","ping_status":"closed","template":"","meta":{"ngg_post_thumbnail":0,"footnotes":""},"class_list":["post-38","page","type-page","status-publish","hentry"],"_links":{"self":[{"href":"https:\/\/tic.pl\/index.php\/wp-json\/wp\/v2\/pages\/38","targetHints":{"allow":["GET"]}}],"collection":[{"href":"https:\/\/tic.pl\/index.php\/wp-json\/wp\/v2\/pages"}],"about":[{"href":"https:\/\/tic.pl\/index.php\/wp-json\/wp\/v2\/types\/page"}],"author":[{"embeddable":true,"href":"https:\/\/tic.pl\/index.php\/wp-json\/wp\/v2\/users\/1"}],"replies":[{"embeddable":true,"href":"https:\/\/tic.pl\/index.php\/wp-json\/wp\/v2\/comments?post=38"}],"version-history":[{"count":5,"href":"https:\/\/tic.pl\/index.php\/wp-json\/wp\/v2\/pages\/38\/revisions"}],"predecessor-version":[{"id":175,"href":"https:\/\/tic.pl\/index.php\/wp-json\/wp\/v2\/pages\/38\/revisions\/175"}],"wp:attachment":[{"href":"https:\/\/tic.pl\/index.php\/wp-json\/wp\/v2\/media?parent=38"}],"curies":[{"name":"wp","href":"https:\/\/api.w.org\/{rel}","templated":true}]}}