{"id":63,"date":"2023-04-18T09:19:40","date_gmt":"2023-04-18T09:19:40","guid":{"rendered":"https:\/\/tic.pl\/?page_id=63"},"modified":"2023-09-27T22:28:28","modified_gmt":"2023-09-28T06:28:28","slug":"hurt","status":"publish","type":"page","link":"https:\/\/tic.pl\/index.php\/hurt\/","title":{"rendered":"HURT"},"content":{"rendered":"\n<p class=\"has-black-color has-text-color\"><strong>MAGAZYN CENTRALNY:<\/strong><\/p>\n\n\n\n<p class=\"has-black-color has-text-color\">TIC DYSTRYBUCJA sp. z o.o.<br>UL. KRAKOWSKA 201<br>40-393 KATOWICE<br>NIP: 9542746344<\/p>\n\n\n\n<p class=\"has-black-color has-text-color\">oddz.: Bielsko Bia\u0142a<br>UL. KATOWICKA 130<br>43-300 Bielsko-Bia\u0142a<\/p>\n\n\n\n<p class=\"has-black-color has-text-color\"><strong>Zarz\u0105d TIC Dystrybucja:<br><\/strong>Leszek Pilorz &#8211; Prezes Zarz\u0105du<br>Piotr Surowiec &#8211; Cz\u0142onek Zarz\u0105du<\/p>\n\n\n<div class=\"wp-block-image\">\n<figure class=\"aligncenter size-large\"><img loading=\"lazy\" decoding=\"async\" width=\"1024\" height=\"617\" src=\"https:\/\/tic.pl\/wp-content\/uploads\/2023\/09\/03-3-1024x617.jpg\" alt=\"\" class=\"wp-image-582\" srcset=\"https:\/\/tic.pl\/wp-content\/uploads\/2023\/09\/03-3-1024x617.jpg 1024w, https:\/\/tic.pl\/wp-content\/uploads\/2023\/09\/03-3-300x181.jpg 300w, https:\/\/tic.pl\/wp-content\/uploads\/2023\/09\/03-3-768x463.jpg 768w, https:\/\/tic.pl\/wp-content\/uploads\/2023\/09\/03-3-1536x926.jpg 1536w, https:\/\/tic.pl\/wp-content\/uploads\/2023\/09\/03-3-2048x1235.jpg 2048w, https:\/\/tic.pl\/wp-content\/uploads\/2023\/09\/03-3-100x60.jpg 100w\" sizes=\"auto, (max-width: 1024px) 100vw, 1024px\" \/><\/figure>\n<\/div>\n\n\n<!-- default-view.php -->\n<div\n\tclass=\"ngg-galleryoverview default-view \"\n\tid=\"ngg-gallery-71d14e9bdd52a5878ca358fa4b6e1669-1\">\n\n\t\t<!-- Thumbnails -->\n\t\t\t\t<div id=\"ngg-image-0\" class=\"ngg-gallery-thumbnail-box \" >\n\t\t\t\t        <div class=\"ngg-gallery-thumbnail\">\n            <a href=\"https:\/\/tic.pl\/wp-content\/gallery\/dystrybucja\/02.jpg\"\n               title=\"\"\n               data-src=\"https:\/\/tic.pl\/wp-content\/gallery\/dystrybucja\/02.jpg\"\n               data-thumbnail=\"https:\/\/tic.pl\/wp-content\/gallery\/dystrybucja\/thumbs\/thumbs_02.jpg\"\n               data-image-id=\"35\"\n               data-title=\"02\"\n               data-description=\"\"\n               data-image-slug=\"02\"\n               class=\"ngg-simplelightbox\" rel=\"71d14e9bdd52a5878ca358fa4b6e1669\">\n                <img\n                    title=\"02\"\n                    alt=\"02\"\n                    src=\"https:\/\/tic.pl\/wp-content\/gallery\/dystrybucja\/thumbs\/thumbs_02.jpg\"\n                    width=\"240\"\n                    height=\"160\"\n                    style=\"max-width:100%;\"\n                \/>\n            <\/a>\n        <\/div>\n\t\t\t\t\t\t\t<\/div> \n\t\t\t\n\t\t\t\t<div id=\"ngg-image-1\" class=\"ngg-gallery-thumbnail-box \" >\n\t\t\t\t        <div class=\"ngg-gallery-thumbnail\">\n            <a href=\"https:\/\/tic.pl\/wp-content\/gallery\/dystrybucja\/02a.jpg\"\n               title=\"\"\n               data-src=\"https:\/\/tic.pl\/wp-content\/gallery\/dystrybucja\/02a.jpg\"\n               data-thumbnail=\"https:\/\/tic.pl\/wp-content\/gallery\/dystrybucja\/thumbs\/thumbs_02a.jpg\"\n               data-image-id=\"36\"\n               data-title=\"02a\"\n               data-description=\"\"\n               data-image-slug=\"02a\"\n               class=\"ngg-simplelightbox\" rel=\"71d14e9bdd52a5878ca358fa4b6e1669\">\n                <img\n                    title=\"02a\"\n                    alt=\"02a\"\n                    src=\"https:\/\/tic.pl\/wp-content\/gallery\/dystrybucja\/thumbs\/thumbs_02a.jpg\"\n                    width=\"240\"\n                    height=\"160\"\n                    style=\"max-width:100%;\"\n                \/>\n            <\/a>\n        <\/div>\n\t\t\t\t\t\t\t<\/div> \n\t\t\t\n\t\t\t\t<div id=\"ngg-image-2\" class=\"ngg-gallery-thumbnail-box \" >\n\t\t\t\t        <div class=\"ngg-gallery-thumbnail\">\n            <a href=\"https:\/\/tic.pl\/wp-content\/gallery\/dystrybucja\/06.jpg\"\n               title=\"\"\n               data-src=\"https:\/\/tic.pl\/wp-content\/gallery\/dystrybucja\/06.jpg\"\n               data-thumbnail=\"https:\/\/tic.pl\/wp-content\/gallery\/dystrybucja\/thumbs\/thumbs_06.jpg\"\n               data-image-id=\"37\"\n               data-title=\"06\"\n               data-description=\"\"\n               data-image-slug=\"06\"\n               class=\"ngg-simplelightbox\" rel=\"71d14e9bdd52a5878ca358fa4b6e1669\">\n                <img\n                    title=\"06\"\n                    alt=\"06\"\n                    src=\"https:\/\/tic.pl\/wp-content\/gallery\/dystrybucja\/thumbs\/thumbs_06.jpg\"\n                    width=\"240\"\n                    height=\"160\"\n                    style=\"max-width:100%;\"\n                \/>\n            <\/a>\n        <\/div>\n\t\t\t\t\t\t\t<\/div> \n\t\t\t\n\t\t\t\t<div id=\"ngg-image-3\" class=\"ngg-gallery-thumbnail-box \" >\n\t\t\t\t        <div class=\"ngg-gallery-thumbnail\">\n            <a href=\"https:\/\/tic.pl\/wp-content\/gallery\/dystrybucja\/07.jpg\"\n               title=\"\"\n               data-src=\"https:\/\/tic.pl\/wp-content\/gallery\/dystrybucja\/07.jpg\"\n               data-thumbnail=\"https:\/\/tic.pl\/wp-content\/gallery\/dystrybucja\/thumbs\/thumbs_07.jpg\"\n               data-image-id=\"38\"\n               data-title=\"07\"\n               data-description=\"\"\n               data-image-slug=\"07\"\n               class=\"ngg-simplelightbox\" rel=\"71d14e9bdd52a5878ca358fa4b6e1669\">\n                <img\n                    title=\"07\"\n                    alt=\"07\"\n                    src=\"https:\/\/tic.pl\/wp-content\/gallery\/dystrybucja\/thumbs\/thumbs_07.jpg\"\n                    width=\"240\"\n                    height=\"160\"\n                    style=\"max-width:100%;\"\n                \/>\n            <\/a>\n        <\/div>\n\t\t\t\t\t\t\t<\/div> \n\t\t\t\n\t\t\t\t<div id=\"ngg-image-4\" class=\"ngg-gallery-thumbnail-box \" >\n\t\t\t\t        <div class=\"ngg-gallery-thumbnail\">\n            <a href=\"https:\/\/tic.pl\/wp-content\/gallery\/dystrybucja\/08.jpg\"\n               title=\"\"\n               data-src=\"https:\/\/tic.pl\/wp-content\/gallery\/dystrybucja\/08.jpg\"\n               data-thumbnail=\"https:\/\/tic.pl\/wp-content\/gallery\/dystrybucja\/thumbs\/thumbs_08.jpg\"\n               data-image-id=\"39\"\n               data-title=\"08\"\n               data-description=\"\"\n               data-image-slug=\"08\"\n               class=\"ngg-simplelightbox\" rel=\"71d14e9bdd52a5878ca358fa4b6e1669\">\n                <img\n                    title=\"08\"\n                    alt=\"08\"\n                    src=\"https:\/\/tic.pl\/wp-content\/gallery\/dystrybucja\/thumbs\/thumbs_08.jpg\"\n                    width=\"240\"\n                    height=\"160\"\n                    style=\"max-width:100%;\"\n                \/>\n            <\/a>\n        <\/div>\n\t\t\t\t\t\t\t<\/div> \n\t\t\t\n\t\t\t\t<div id=\"ngg-image-5\" class=\"ngg-gallery-thumbnail-box \" >\n\t\t\t\t        <div class=\"ngg-gallery-thumbnail\">\n            <a href=\"https:\/\/tic.pl\/wp-content\/gallery\/dystrybucja\/09.jpg\"\n               title=\"\"\n               data-src=\"https:\/\/tic.pl\/wp-content\/gallery\/dystrybucja\/09.jpg\"\n               data-thumbnail=\"https:\/\/tic.pl\/wp-content\/gallery\/dystrybucja\/thumbs\/thumbs_09.jpg\"\n               data-image-id=\"40\"\n               data-title=\"09\"\n               data-description=\"\"\n               data-image-slug=\"09\"\n               class=\"ngg-simplelightbox\" rel=\"71d14e9bdd52a5878ca358fa4b6e1669\">\n                <img\n                    title=\"09\"\n                    alt=\"09\"\n                    src=\"https:\/\/tic.pl\/wp-content\/gallery\/dystrybucja\/thumbs\/thumbs_09.jpg\"\n                    width=\"240\"\n                    height=\"160\"\n                    style=\"max-width:100%;\"\n                \/>\n            <\/a>\n        <\/div>\n\t\t\t\t\t\t\t<\/div> \n\t\t\t\n\t\t\t\t<div id=\"ngg-image-6\" class=\"ngg-gallery-thumbnail-box \" >\n\t\t\t\t        <div class=\"ngg-gallery-thumbnail\">\n            <a href=\"https:\/\/tic.pl\/wp-content\/gallery\/dystrybucja\/11.jpg\"\n               title=\"\"\n               data-src=\"https:\/\/tic.pl\/wp-content\/gallery\/dystrybucja\/11.jpg\"\n               data-thumbnail=\"https:\/\/tic.pl\/wp-content\/gallery\/dystrybucja\/thumbs\/thumbs_11.jpg\"\n               data-image-id=\"41\"\n               data-title=\"11\"\n               data-description=\"\"\n               data-image-slug=\"11\"\n               class=\"ngg-simplelightbox\" rel=\"71d14e9bdd52a5878ca358fa4b6e1669\">\n                <img\n                    title=\"11\"\n                    alt=\"11\"\n                    src=\"https:\/\/tic.pl\/wp-content\/gallery\/dystrybucja\/thumbs\/thumbs_11.jpg\"\n                    width=\"240\"\n                    height=\"160\"\n                    style=\"max-width:100%;\"\n                \/>\n            <\/a>\n        <\/div>\n\t\t\t\t\t\t\t<\/div> \n\t\t\t\n\t\t\t\t<div id=\"ngg-image-7\" class=\"ngg-gallery-thumbnail-box \" >\n\t\t\t\t        <div class=\"ngg-gallery-thumbnail\">\n            <a href=\"https:\/\/tic.pl\/wp-content\/gallery\/dystrybucja\/12.jpg\"\n               title=\"\"\n               data-src=\"https:\/\/tic.pl\/wp-content\/gallery\/dystrybucja\/12.jpg\"\n               data-thumbnail=\"https:\/\/tic.pl\/wp-content\/gallery\/dystrybucja\/thumbs\/thumbs_12.jpg\"\n               data-image-id=\"42\"\n               data-title=\"12\"\n               data-description=\"\"\n               data-image-slug=\"12\"\n               class=\"ngg-simplelightbox\" rel=\"71d14e9bdd52a5878ca358fa4b6e1669\">\n                <img\n                    title=\"12\"\n                    alt=\"12\"\n                    src=\"https:\/\/tic.pl\/wp-content\/gallery\/dystrybucja\/thumbs\/thumbs_12.jpg\"\n                    width=\"240\"\n                    height=\"160\"\n                    style=\"max-width:100%;\"\n                \/>\n            <\/a>\n        <\/div>\n\t\t\t\t\t\t\t<\/div> \n\t\t\t\n\t\t\t\t<div id=\"ngg-image-8\" class=\"ngg-gallery-thumbnail-box \" >\n\t\t\t\t        <div class=\"ngg-gallery-thumbnail\">\n            <a href=\"https:\/\/tic.pl\/wp-content\/gallery\/dystrybucja\/03.jpg\"\n               title=\"\"\n               data-src=\"https:\/\/tic.pl\/wp-content\/gallery\/dystrybucja\/03.jpg\"\n               data-thumbnail=\"https:\/\/tic.pl\/wp-content\/gallery\/dystrybucja\/thumbs\/thumbs_03.jpg\"\n               data-image-id=\"43\"\n               data-title=\"03\"\n               data-description=\"\"\n               data-image-slug=\"03\"\n               class=\"ngg-simplelightbox\" rel=\"71d14e9bdd52a5878ca358fa4b6e1669\">\n                <img\n                    title=\"03\"\n                    alt=\"03\"\n                    src=\"https:\/\/tic.pl\/wp-content\/gallery\/dystrybucja\/thumbs\/thumbs_03.jpg\"\n                    width=\"240\"\n                    height=\"160\"\n                    style=\"max-width:100%;\"\n                \/>\n            <\/a>\n        <\/div>\n\t\t\t\t\t\t\t<\/div> \n\t\t\t\n\t\t\t\t<div id=\"ngg-image-9\" class=\"ngg-gallery-thumbnail-box \" >\n\t\t\t\t        <div class=\"ngg-gallery-thumbnail\">\n            <a href=\"https:\/\/tic.pl\/wp-content\/gallery\/dystrybucja\/04.jpg\"\n               title=\"\"\n               data-src=\"https:\/\/tic.pl\/wp-content\/gallery\/dystrybucja\/04.jpg\"\n               data-thumbnail=\"https:\/\/tic.pl\/wp-content\/gallery\/dystrybucja\/thumbs\/thumbs_04.jpg\"\n               data-image-id=\"44\"\n               data-title=\"04\"\n               data-description=\"\"\n               data-image-slug=\"04\"\n               class=\"ngg-simplelightbox\" rel=\"71d14e9bdd52a5878ca358fa4b6e1669\">\n                <img\n                    title=\"04\"\n                    alt=\"04\"\n                    src=\"https:\/\/tic.pl\/wp-content\/gallery\/dystrybucja\/thumbs\/thumbs_04.jpg\"\n                    width=\"240\"\n                    height=\"160\"\n                    style=\"max-width:100%;\"\n                \/>\n            <\/a>\n        <\/div>\n\t\t\t\t\t\t\t<\/div> \n\t\t\t\n\t\t\t\t<div id=\"ngg-image-10\" class=\"ngg-gallery-thumbnail-box \" >\n\t\t\t\t        <div class=\"ngg-gallery-thumbnail\">\n            <a href=\"https:\/\/tic.pl\/wp-content\/gallery\/dystrybucja\/05.jpg\"\n               title=\"\"\n               data-src=\"https:\/\/tic.pl\/wp-content\/gallery\/dystrybucja\/05.jpg\"\n               data-thumbnail=\"https:\/\/tic.pl\/wp-content\/gallery\/dystrybucja\/thumbs\/thumbs_05.jpg\"\n               data-image-id=\"45\"\n               data-title=\"05\"\n               data-description=\"\"\n               data-image-slug=\"05\"\n               class=\"ngg-simplelightbox\" rel=\"71d14e9bdd52a5878ca358fa4b6e1669\">\n                <img\n                    title=\"05\"\n                    alt=\"05\"\n                    src=\"https:\/\/tic.pl\/wp-content\/gallery\/dystrybucja\/thumbs\/thumbs_05.jpg\"\n                    width=\"240\"\n                    height=\"160\"\n                    style=\"max-width:100%;\"\n                \/>\n            <\/a>\n        <\/div>\n\t\t\t\t\t\t\t<\/div> \n\t\t\t\n\t\t\t\t<div id=\"ngg-image-11\" class=\"ngg-gallery-thumbnail-box \" >\n\t\t\t\t        <div class=\"ngg-gallery-thumbnail\">\n            <a href=\"https:\/\/tic.pl\/wp-content\/gallery\/dystrybucja\/13.jpg\"\n               title=\"\"\n               data-src=\"https:\/\/tic.pl\/wp-content\/gallery\/dystrybucja\/13.jpg\"\n               data-thumbnail=\"https:\/\/tic.pl\/wp-content\/gallery\/dystrybucja\/thumbs\/thumbs_13.jpg\"\n               data-image-id=\"46\"\n               data-title=\"13\"\n               data-description=\"\"\n               data-image-slug=\"13\"\n               class=\"ngg-simplelightbox\" rel=\"71d14e9bdd52a5878ca358fa4b6e1669\">\n                <img\n                    title=\"13\"\n                    alt=\"13\"\n                    src=\"https:\/\/tic.pl\/wp-content\/gallery\/dystrybucja\/thumbs\/thumbs_13.jpg\"\n                    width=\"240\"\n                    height=\"160\"\n                    style=\"max-width:100%;\"\n                \/>\n            <\/a>\n        <\/div>\n\t\t\t\t\t\t\t<\/div> \n\t\t\t\n\t\t\t\t<div id=\"ngg-image-12\" class=\"ngg-gallery-thumbnail-box \" >\n\t\t\t\t        <div class=\"ngg-gallery-thumbnail\">\n            <a href=\"https:\/\/tic.pl\/wp-content\/gallery\/dystrybucja\/21.jpg\"\n               title=\"\"\n               data-src=\"https:\/\/tic.pl\/wp-content\/gallery\/dystrybucja\/21.jpg\"\n               data-thumbnail=\"https:\/\/tic.pl\/wp-content\/gallery\/dystrybucja\/thumbs\/thumbs_21.jpg\"\n               data-image-id=\"47\"\n               data-title=\"21\"\n               data-description=\"\"\n               data-image-slug=\"21\"\n               class=\"ngg-simplelightbox\" rel=\"71d14e9bdd52a5878ca358fa4b6e1669\">\n                <img\n                    title=\"21\"\n                    alt=\"21\"\n                    src=\"https:\/\/tic.pl\/wp-content\/gallery\/dystrybucja\/thumbs\/thumbs_21.jpg\"\n                    width=\"240\"\n                    height=\"160\"\n                    style=\"max-width:100%;\"\n                \/>\n            <\/a>\n        <\/div>\n\t\t\t\t\t\t\t<\/div> \n\t\t\t\n\t\n\t<br style=\"clear: both\" \/>\n\n\t\n\t\t<!-- Pagination -->\n\t<div class='ngg-clear'><\/div>\t<\/div>\n\n","protected":false},"excerpt":{"rendered":"<p>MAGAZYN CENTRALNY: TIC DYSTRYBUCJA sp. z o.o.UL. KRAKOWSKA 20140-393 KATOWICENIP: 9542746344 oddz.: Bielsko Bia\u0142aUL. KATOWICKA 13043-300 Bielsko-Bia\u0142a Zarz\u0105d TIC Dystrybucja:Leszek Pilorz &#8211; Prezes Zarz\u0105duPiotr Surowiec &#8211; Cz\u0142onek Zarz\u0105du<\/p>\n","protected":false},"author":1,"featured_media":0,"parent":0,"menu_order":0,"comment_status":"closed","ping_status":"closed","template":"","meta":{"ngg_post_thumbnail":0,"footnotes":""},"class_list":["post-63","page","type-page","status-publish","hentry"],"_links":{"self":[{"href":"https:\/\/tic.pl\/index.php\/wp-json\/wp\/v2\/pages\/63","targetHints":{"allow":["GET"]}}],"collection":[{"href":"https:\/\/tic.pl\/index.php\/wp-json\/wp\/v2\/pages"}],"about":[{"href":"https:\/\/tic.pl\/index.php\/wp-json\/wp\/v2\/types\/page"}],"author":[{"embeddable":true,"href":"https:\/\/tic.pl\/index.php\/wp-json\/wp\/v2\/users\/1"}],"replies":[{"embeddable":true,"href":"https:\/\/tic.pl\/index.php\/wp-json\/wp\/v2\/comments?post=63"}],"version-history":[{"count":10,"href":"https:\/\/tic.pl\/index.php\/wp-json\/wp\/v2\/pages\/63\/revisions"}],"predecessor-version":[{"id":745,"href":"https:\/\/tic.pl\/index.php\/wp-json\/wp\/v2\/pages\/63\/revisions\/745"}],"wp:attachment":[{"href":"https:\/\/tic.pl\/index.php\/wp-json\/wp\/v2\/media?parent=63"}],"curies":[{"name":"wp","href":"https:\/\/api.w.org\/{rel}","templated":true}]}}